{"id":713,"date":"2019-05-10T08:50:24","date_gmt":"2019-05-10T11:50:24","guid":{"rendered":"https:\/\/rucker-longo.com\/en\/?page_id=713"},"modified":"2019-05-10T08:50:24","modified_gmt":"2019-05-10T11:50:24","slug":"inversiones-internacionales","status":"publish","type":"page","link":"https:\/\/rucker-longo.com\/es\/inversiones-internacionales\/","title":{"rendered":"Inversiones internacionales"},"content":{"rendered":"<div class=\"wpb-content-wrapper\">[vc_row full_width=\u00bbstretch_row\u00bb css=\u00bb.vc_custom_1555024255456{padding-top: 30px !important;padding-bottom: 30px !important;background-image: url(https:\/\/rucker-longo.com\/wp-content\/uploads\/2019\/04\/header-4.jpg?id=158) !important;background-position: center !important;background-repeat: no-repeat !important;background-size: cover !important;}\u00bb wpex_bg_position=\u00bbcenter right\u00bb el_class=\u00bbcabecalho\u00bb][vc_column width=\u00bb1\/3&#8243;]<nav class=\"vcex-breadcrumbs\" style=\"font-size:13px;\"><span itemscope itemtype=\"http:\/\/data-vocabulary.org\/Breadcrumb\" class=\"trail-begin\"><a href=\"https:\/\/rucker-longo.com\/es\/\" title=\"R\u00fccker &amp; Longo Advogados\" rel=\"home\" itemprop=\"url\"><span itemprop=\"title\">Home<\/span><\/a><\/span><\/nav><div class=\"vcex-module vcex-heading vcex-heading-plain\" style=\"color:#102d67;font-size:32px;font-weight:400;\"><span class=\"vcex-heading-inner clr\">\u00c1REAS DE ATUA\u00c7\u00c3O<\/span><\/div>[\/vc_column][vc_column width=\u00bb2\/3&#8243;][\/vc_column][\/vc_row][vc_row css=\u00bb.vc_custom_1554850446558{padding-top: 60px !important;padding-bottom: 60px !important;}\u00bb][vc_column width=\u00bb1\/3&#8243;][vc_wp_custommenu nav_menu=\u00bb5&#8243;][\/vc_column][vc_column width=\u00bb2\/3&#8243;]<div class=\"vcex-module vcex-heading vcex-heading-plain vc_custom_1557489023535\" style=\"color:#333333;font-size:30px;font-weight:400;\"><span class=\"vcex-heading-inner clr\">Inversiones internacionales<\/span><\/div>[vc_column_text]<span style=\"font-size: 14px;\">Apoio jur\u00eddico e negocial em transa\u00e7\u00f5es internacionais e nacionais de aquisi\u00e7\u00e3o, venda e fus\u00e3o de empresas, reestrutura\u00e7\u00e3o fiscal e societ\u00e1ria de grupos multinacionais e de grandes patrim\u00f4nios individuais. Desta forma, participamos ativamente na coordena\u00e7\u00e3o e implementa\u00e7\u00e3o de fundos de investimento, estruturas holding nacionais e internacionais, trusts e foundations como plataformas de investimento e\/ou organiza\u00e7\u00e3o sucess\u00f3ria, bem como na mitiga\u00e7\u00e3o de riscos inerentes a contratos de joint ventures, acordos de distribui\u00e7\u00e3o\/representa\u00e7\u00e3o e em quest\u00f5es relacionadas com o financiamento de sociedades.<\/span>[\/vc_column_text][\/vc_column][\/vc_row]\n<\/div>","protected":false},"excerpt":{"rendered":"<p>[vc_row full_width=\u00bbstretch_row\u00bb css=\u00bb.vc_custom_1555024255456{padding-top: 30px !important;padding-bottom: 30px !important;background-image: url(https:\/\/rucker-longo.com\/wp-content\/uploads\/2019\/04\/header-4.jpg?id=158) !important;background-position: center !important;background-repeat: no-repeat !important;background-size: cover !important;}\u00bb wpex_bg_position=\u00bbcenter right\u00bb el_class=\u00bbcabecalho\u00bb][vc_column width=\u00bb1\/3&#8243;][\/vc_column][vc_column width=\u00bb2\/3&#8243;][\/vc_column][\/vc_row][vc_row css=\u00bb.vc_custom_1554850446558{padding-top: 60px !important;padding-bottom: 60px !important;}\u00bb][vc_column width=\u00bb1\/3&#8243;][vc_wp_custommenu nav_menu=\u00bb5&#8243;][\/vc_column][vc_column width=\u00bb2\/3&#8243;][vc_column_text]Apoio jur\u00eddico e negocial em transa\u00e7\u00f5es internacionais e nacionais de aquisi\u00e7\u00e3o, venda e&hellip;<\/p>\n","protected":false},"author":5,"featured_media":0,"parent":0,"menu_order":0,"comment_status":"closed","ping_status":"closed","template":"","meta":{"_acf_changed":false,"footnotes":""},"class_list":["post-713","page","type-page","status-publish","hentry","entry","no-media"],"acf":[],"_links":{"self":[{"href":"https:\/\/rucker-longo.com\/es\/wp-json\/wp\/v2\/pages\/713","targetHints":{"allow":["GET"]}}],"collection":[{"href":"https:\/\/rucker-longo.com\/es\/wp-json\/wp\/v2\/pages"}],"about":[{"href":"https:\/\/rucker-longo.com\/es\/wp-json\/wp\/v2\/types\/page"}],"author":[{"embeddable":true,"href":"https:\/\/rucker-longo.com\/es\/wp-json\/wp\/v2\/users\/5"}],"replies":[{"embeddable":true,"href":"https:\/\/rucker-longo.com\/es\/wp-json\/wp\/v2\/comments?post=713"}],"version-history":[{"count":1,"href":"https:\/\/rucker-longo.com\/es\/wp-json\/wp\/v2\/pages\/713\/revisions"}],"predecessor-version":[{"id":744,"href":"https:\/\/rucker-longo.com\/es\/wp-json\/wp\/v2\/pages\/713\/revisions\/744"}],"wp:attachment":[{"href":"https:\/\/rucker-longo.com\/es\/wp-json\/wp\/v2\/media?parent=713"}],"curies":[{"name":"wp","href":"https:\/\/api.w.org\/{rel}","templated":true}]}}