{"id":565,"date":"2019-05-08T11:22:14","date_gmt":"2019-05-08T14:22:14","guid":{"rendered":"https:\/\/rucker-longo.com\/?page_id=565&#038;lang=es"},"modified":"2019-09-06T10:28:49","modified_gmt":"2019-09-06T13:28:49","slug":"fiscalidad-internacional-y-nacional","status":"publish","type":"page","link":"https:\/\/rucker-longo.com\/es\/fiscalidad-internacional-y-nacional\/","title":{"rendered":"Fiscalidad internacional y nacional"},"content":{"rendered":"<div class=\"wpb-content-wrapper\">[vc_row full_width=\u00bbstretch_row\u00bb css=\u00bb.vc_custom_1555024229190{padding-top: 30px !important;padding-bottom: 30px !important;background-image: url(https:\/\/rucker-longo.com\/wp-content\/uploads\/2019\/04\/header-4.jpg?id=158) !important;background-position: center !important;background-repeat: no-repeat !important;background-size: cover !important;}\u00bb wpex_bg_position=\u00bbcenter right\u00bb el_class=\u00bbcabecalho\u00bb][vc_column width=\u00bb1\/3&#8243;]<nav class=\"vcex-breadcrumbs\" style=\"font-size:13px;\"><span itemscope itemtype=\"http:\/\/data-vocabulary.org\/Breadcrumb\" class=\"trail-begin\"><a href=\"https:\/\/rucker-longo.com\/es\/\" title=\"R\u00fccker &amp; Longo Advogados\" rel=\"home\" itemprop=\"url\"><span itemprop=\"title\">Home<\/span><\/a><\/span><\/nav><div class=\"vcex-module vcex-heading vcex-heading-plain\" style=\"color:#102d67;font-size:32px;font-weight:400;\"><span class=\"vcex-heading-inner clr\">\u00c1REAS DE PR\u00c1CTICA<\/span><\/div>[\/vc_column][vc_column width=\u00bb2\/3&#8243;][\/vc_column][\/vc_row][vc_row css=\u00bb.vc_custom_1554850446558{padding-top: 60px !important;padding-bottom: 60px !important;}\u00bb][vc_column width=\u00bb1\/3&#8243;][vc_wp_custommenu nav_menu=\u00bb5&#8243;][\/vc_column][vc_column width=\u00bb2\/3&#8243;]<div class=\"vcex-module vcex-heading vcex-heading-plain vc_custom_1560939032936\" style=\"color:#333333;font-size:30px;font-weight:400;\"><span class=\"vcex-heading-inner clr\">Fiscalidad internacional y nacional<\/span><\/div>[vc_column_text font_size=\u00bb15&#8243;]\n<p style=\"text-align: justify;\">El proceso de globalizaci\u00f3n experimentado en las \u00faltimas d\u00e9cadas ha llevado a la expansi\u00f3n de las actividades de empresas y personas fisicas a otras jurisdicciones, exponi\u00e9ndolos tambi\u00e9n a riesgos relacionados con estructuras de inversi\u00f3n ineficientes o incluso cuestionables por parte de las autoridades fiscales involucradas.<\/p>\n<p style=\"text-align: justify;\">En este contexto, R\u00fccker &amp; Longo Advogados cuenta con un equipo altamente calificado y con experiencia en consultor\u00eda fiscal internacional y nacional, que act\u00faa especialmente en el apoyo de grupos de empresas y personas fisicas con actividades en Brasil, as\u00ed como en temas relacionados con inversiones brasile\u00f1as en el exterior.<\/p>\n<p style=\"text-align: justify;\">Nuestros socios y colaboradores asesoran nuestros clientes en asuntos fiscales cotidianos, as\u00ed como en la interpretaci\u00f3n de convenios internacionales, planificaci\u00f3n y optimizaci\u00f3n del coste impositivo de operaciones internacionales y en la implementaci\u00f3n de estructuras inversi\u00f3n, importaci\u00f3n y exportaci\u00f3n de bienes y servicios.<\/p>\n<p style=\"text-align: justify;\">Por otro lado, tenemos una amplia experiencia en asuntos relacionados con participaciones en fondos de inversi\u00f3n inmobiliaria e de tenencia de participaciones en empresas, en el ambiento de los precios de transferencia, as\u00ed como la reestructuraci\u00f3n de grandes patrimonio individuales y familiares.<\/p>\n<p style=\"text-align: justify;\">La red internacional de R\u00fccker &amp; Longo Advogados contribuye para la excelencia en el asesoramiento en asuntos relacionados con la fiscalidad internacional.<\/p>\n<p style=\"text-align: justify;\">Entre otros asuntos, el equipo de R\u00fccker &amp; Longo Advogados se encuentra a disposici\u00f3n de nuestros clientes para asesorarles en los siguientes asuntos:<\/p>\n<p style=\"text-align: justify;\">\u00a0 \u00a0 \u00a0(i) tributaci\u00f3n de sociedades e individuos en actividades cross border;<\/p>\n<p style=\"text-align: justify;\">\u00a0 \u00a0 \u00a0(ii) planificaci\u00f3n fiscal internacional y nacional;<\/p>\n<p style=\"text-align: justify;\">\u00a0 \u00a0 \u00a0(iii) interpretaci\u00f3n de convenios internacionales;<\/p>\n<p style=\"text-align: justify;\">\u00a0 \u00a0 \u00a0(iv) normativa de precios de transferencia y preparaci\u00f3n de la documentaci\u00f3n accesoria;<\/p>\n<p style=\"text-align: justify;\">\u00a0 \u00a0 \u00a0(v) foreign tax credits;<\/p>\n<p style=\"text-align: justify;\">\u00a0 \u00a0 \u00a0(vi) aplicaci\u00f3n de la normativa de Controlled Foreign Corporation &#8211; CFC y de subcapitalizaci\u00f3n;<\/p>\n<p style=\"text-align: justify;\">\u00a0 \u00a0 \u00a0(vii) tributaci\u00f3n en la importaci\u00f3n de productos, servicios, canones, know-how y management fees;<\/p>\n<p style=\"text-align: justify;\">\u00a0 \u00a0 \u00a0(viii) estructuras de export pre-finance, FIP y FII (corporativas o personales);<\/p>\n<p style=\"text-align: justify;\">\u00a0 \u00a0 \u00a0(ix) implementaci\u00f3n de estruturas holding familiares y reestructuraci\u00f3n de activos;<\/p>\n<p style=\"text-align: justify;\">\u00a0 \u00a0 \u00a0(x) modelaci\u00f3n financiera de inversiones internacionales; y<\/p>\n<p style=\"text-align: justify;\">\u00a0 \u00a0 \u00a0(xi) otros asuntos relacionados con actividades internacionales.<\/p>\n[\/vc_column_text][\/vc_column][\/vc_row]\n<\/div>","protected":false},"excerpt":{"rendered":"<p>[vc_row full_width=\u00bbstretch_row\u00bb css=\u00bb.vc_custom_1555024229190{padding-top: 30px !important;padding-bottom: 30px !important;background-image: url(https:\/\/rucker-longo.com\/wp-content\/uploads\/2019\/04\/header-4.jpg?id=158) !important;background-position: center !important;background-repeat: no-repeat !important;background-size: cover !important;}\u00bb wpex_bg_position=\u00bbcenter right\u00bb el_class=\u00bbcabecalho\u00bb][vc_column width=\u00bb1\/3&#8243;][\/vc_column][vc_column width=\u00bb2\/3&#8243;][\/vc_column][\/vc_row][vc_row css=\u00bb.vc_custom_1554850446558{padding-top: 60px !important;padding-bottom: 60px !important;}\u00bb][vc_column width=\u00bb1\/3&#8243;][vc_wp_custommenu nav_menu=\u00bb5&#8243;][\/vc_column][vc_column width=\u00bb2\/3&#8243;][vc_column_text font_size=\u00bb15&#8243;] El proceso de globalizaci\u00f3n experimentado en las \u00faltimas d\u00e9cadas ha llevado&hellip;<\/p>\n","protected":false},"author":5,"featured_media":0,"parent":0,"menu_order":0,"comment_status":"closed","ping_status":"closed","template":"","meta":{"_acf_changed":false,"footnotes":""},"class_list":["post-565","page","type-page","status-publish","hentry","entry","no-media"],"acf":[],"_links":{"self":[{"href":"https:\/\/rucker-longo.com\/es\/wp-json\/wp\/v2\/pages\/565","targetHints":{"allow":["GET"]}}],"collection":[{"href":"https:\/\/rucker-longo.com\/es\/wp-json\/wp\/v2\/pages"}],"about":[{"href":"https:\/\/rucker-longo.com\/es\/wp-json\/wp\/v2\/types\/page"}],"author":[{"embeddable":true,"href":"https:\/\/rucker-longo.com\/es\/wp-json\/wp\/v2\/users\/5"}],"replies":[{"embeddable":true,"href":"https:\/\/rucker-longo.com\/es\/wp-json\/wp\/v2\/comments?post=565"}],"version-history":[{"count":7,"href":"https:\/\/rucker-longo.com\/es\/wp-json\/wp\/v2\/pages\/565\/revisions"}],"predecessor-version":[{"id":1100,"href":"https:\/\/rucker-longo.com\/es\/wp-json\/wp\/v2\/pages\/565\/revisions\/1100"}],"wp:attachment":[{"href":"https:\/\/rucker-longo.com\/es\/wp-json\/wp\/v2\/media?parent=565"}],"curies":[{"name":"wp","href":"https:\/\/api.w.org\/{rel}","templated":true}]}}