{"id":561,"date":"2019-05-08T11:21:18","date_gmt":"2019-05-08T14:21:18","guid":{"rendered":"https:\/\/rucker-longo.com\/?page_id=561&#038;lang=es"},"modified":"2019-09-06T10:34:18","modified_gmt":"2019-09-06T13:34:18","slug":"reestructuracion-e-insolvencia","status":"publish","type":"page","link":"https:\/\/rucker-longo.com\/es\/reestructuracion-e-insolvencia\/","title":{"rendered":"Reestructuraci\u00f3n e Insolvencia"},"content":{"rendered":"<div class=\"wpb-content-wrapper\">[vc_row full_width=\u00bbstretch_row\u00bb css=\u00bb.vc_custom_1555024222688{padding-top: 30px !important;padding-bottom: 30px !important;background-image: url(https:\/\/rucker-longo.com\/wp-content\/uploads\/2019\/04\/header-4.jpg?id=158) !important;background-position: center !important;background-repeat: no-repeat !important;background-size: cover !important;}\u00bb wpex_bg_position=\u00bbcenter right\u00bb el_class=\u00bbcabecalho\u00bb][vc_column width=\u00bb1\/3&#8243;]<nav class=\"vcex-breadcrumbs\" style=\"font-size:13px;\"><span itemscope itemtype=\"http:\/\/data-vocabulary.org\/Breadcrumb\" class=\"trail-begin\"><a href=\"https:\/\/rucker-longo.com\/es\/\" title=\"R\u00fccker &amp; Longo Advogados\" rel=\"home\" itemprop=\"url\"><span itemprop=\"title\">Home<\/span><\/a><\/span><\/nav><div class=\"vcex-module vcex-heading vcex-heading-plain\" style=\"color:#102d67;font-size:32px;font-weight:400;\"><span class=\"vcex-heading-inner clr\">\u00c1REAS DE PR\u00c1CTICA<\/span><\/div>[\/vc_column][vc_column width=\u00bb2\/3&#8243;][\/vc_column][\/vc_row][vc_row css=\u00bb.vc_custom_1554850446558{padding-top: 60px !important;padding-bottom: 60px !important;}\u00bb][vc_column width=\u00bb1\/3&#8243;][vc_wp_custommenu nav_menu=\u00bb5&#8243;][\/vc_column][vc_column width=\u00bb2\/3&#8243;]<div class=\"vcex-module vcex-heading vcex-heading-plain vc_custom_1557490281446\" style=\"color:#333333;font-size:30px;font-weight:400;\"><span class=\"vcex-heading-inner clr\">Reestructuraci\u00f3n e Insolvencia<\/span><\/div>[vc_column_text font_size=\u00bb15&#8243;]Durante la \u00faltima d\u00e9cada, los entornos econ\u00f3micos brasile\u00f1os e internacionales han sufrido grandes turbulencias que finalmente afectaron el dia a dia de las empresas de todos los portes y, en consecuencia, la de sus proveedores, clientes y acreedores. Por estas y otras razones inherentes a la modernizaci\u00f3n de los mercados globales, ha habido un aumento significativo en las solicitudes de recuperaci\u00f3n judicial y quiebra (concurso de acreedores) en todo Brasil, as\u00ed como una mayor demanda de profesionales capaces de conducir empresas y personas fisicas en la defensa de sus intereses.<\/p>\n<p>R\u00fccker &amp; Longo Advogados ha estado involucrado en procesos judiciales y extrajudiciales de recuperaci\u00f3n judicial, quiebra e insolvencia civil durante muchos a\u00f1os, con un equipo altamente calificado de profesionales con amplia experiencia en prestar asesoramiento legal y financiero relacionado con la reestructuraci\u00f3n societaria y de deudas de empresas y grupos econ\u00f3micos en crisis financiera, ya sea a trav\u00e9s de la elaboraci\u00f3n y conducci\u00f3n de procedimientos judiciales, la preparaci\u00f3n de planes de recuperaci\u00f3n judicial y la negociaci\u00f3n con acreedores de diversos portes y perfiles.<\/p>\n<p>Por otro lado, tambi\u00e9n representamos los intereses de los acreedores en procedimientos de este tipo, asesorando en la verificaci\u00f3n de la regularidad de los cr\u00e9ditos reportados en la relaci\u00f3n de acreedores, la presentaci\u00f3n y seguimiento de procedimientos de inclusi\u00f3n o impugnaci\u00f3n de cr\u00e9ditos, as\u00ed como asistiendo a las asambleas generales de acreedores.<\/p>\n<p>Finalmente, tambi\u00e9n resaltamos nuestra intensa dedicaci\u00f3n como administradores judiciales (concursales) en m\u00e1s de 20 (veinte) de estos procedimientos.<\/p>\n<p>Por lo tanto, el equipo de R\u00fccker &amp; Longo Advogados se encuentra a disposici\u00f3n de nuestros clientes para actuar en los siguientes asuntos:<\/p>\n<p>(i) administraci\u00f3n judicial (concursal);<\/p>\n<p>(ii) preparaci\u00f3n y conducci\u00f3n de procedimientos de reorganizaci\u00f3n judicial, quiebras e insolvencia civil;<\/p>\n<p>(iii) preparaci\u00f3n del plan de recuperaci\u00f3n judicial y sus documentos accesorios;<\/p>\n<p>(iv) negociaci\u00f3n del plan de recuperaci\u00f3n judicial antes los acreedores;<\/p>\n<p>(v) verificaci\u00f3n de cr\u00e9ditos sujetos a estos procedimientos;<\/p>\n<p>(vi) la presentaci\u00f3n y el seguimiento de procedimientos de inclusi\u00f3n de cr\u00e9ditos;<\/p>\n<p>(vii) apoyo en la adquisici\u00f3n de activos de empresas en dificultades financieras; y<\/p>\n<p>(viii) todos y cada uno de los asuntos relacionados con este tipo de procedimientos judiciales.[\/vc_column_text][\/vc_column][\/vc_row]\n<\/div>","protected":false},"excerpt":{"rendered":"<p>[vc_row full_width=\u00bbstretch_row\u00bb css=\u00bb.vc_custom_1555024222688{padding-top: 30px !important;padding-bottom: 30px !important;background-image: url(https:\/\/rucker-longo.com\/wp-content\/uploads\/2019\/04\/header-4.jpg?id=158) !important;background-position: center !important;background-repeat: no-repeat !important;background-size: cover !important;}\u00bb wpex_bg_position=\u00bbcenter right\u00bb el_class=\u00bbcabecalho\u00bb][vc_column width=\u00bb1\/3&#8243;][\/vc_column][vc_column width=\u00bb2\/3&#8243;][\/vc_column][\/vc_row][vc_row css=\u00bb.vc_custom_1554850446558{padding-top: 60px !important;padding-bottom: 60px !important;}\u00bb][vc_column width=\u00bb1\/3&#8243;][vc_wp_custommenu nav_menu=\u00bb5&#8243;][\/vc_column][vc_column width=\u00bb2\/3&#8243;][vc_column_text font_size=\u00bb15&#8243;]Durante la \u00faltima d\u00e9cada, los entornos econ\u00f3micos brasile\u00f1os e internacionales han sufrido&hellip;<\/p>\n","protected":false},"author":5,"featured_media":0,"parent":0,"menu_order":0,"comment_status":"closed","ping_status":"closed","template":"","meta":{"_acf_changed":false,"footnotes":""},"class_list":["post-561","page","type-page","status-publish","hentry","entry","no-media"],"acf":[],"_links":{"self":[{"href":"https:\/\/rucker-longo.com\/es\/wp-json\/wp\/v2\/pages\/561","targetHints":{"allow":["GET"]}}],"collection":[{"href":"https:\/\/rucker-longo.com\/es\/wp-json\/wp\/v2\/pages"}],"about":[{"href":"https:\/\/rucker-longo.com\/es\/wp-json\/wp\/v2\/types\/page"}],"author":[{"embeddable":true,"href":"https:\/\/rucker-longo.com\/es\/wp-json\/wp\/v2\/users\/5"}],"replies":[{"embeddable":true,"href":"https:\/\/rucker-longo.com\/es\/wp-json\/wp\/v2\/comments?post=561"}],"version-history":[{"count":6,"href":"https:\/\/rucker-longo.com\/es\/wp-json\/wp\/v2\/pages\/561\/revisions"}],"predecessor-version":[{"id":1104,"href":"https:\/\/rucker-longo.com\/es\/wp-json\/wp\/v2\/pages\/561\/revisions\/1104"}],"wp:attachment":[{"href":"https:\/\/rucker-longo.com\/es\/wp-json\/wp\/v2\/media?parent=561"}],"curies":[{"name":"wp","href":"https:\/\/api.w.org\/{rel}","templated":true}]}}