{"id":549,"date":"2019-05-08T11:19:11","date_gmt":"2019-05-08T14:19:11","guid":{"rendered":"https:\/\/rucker-longo.com\/?page_id=549&#038;lang=es"},"modified":"2019-05-10T09:46:24","modified_gmt":"2019-05-10T12:46:24","slug":"noticias","status":"publish","type":"page","link":"https:\/\/rucker-longo.com\/es\/noticias\/","title":{"rendered":"Noticias"},"content":{"rendered":"<div class=\"wpb-content-wrapper\">[vc_row full_width=\u00bbstretch_row\u00bb css=\u00bb.vc_custom_1555024242714{padding-top: 30px !important;padding-bottom: 30px !important;background-image: url(https:\/\/rucker-longo.com\/wp-content\/uploads\/2019\/04\/header-3.jpg?id=135) !important;background-position: center !important;background-repeat: no-repeat !important;background-size: cover !important;}\u00bb wpex_bg_position=\u00bbcenter right\u00bb el_class=\u00bbcabecalho\u00bb][vc_column width=\u00bb1\/3&#8243;]<nav class=\"vcex-breadcrumbs\" style=\"font-size:13px;\"><span itemscope itemtype=\"http:\/\/data-vocabulary.org\/Breadcrumb\" class=\"trail-begin\"><a href=\"https:\/\/rucker-longo.com\/es\/\" title=\"R\u00fccker &amp; Longo Advogados\" rel=\"home\" itemprop=\"url\"><span itemprop=\"title\">Home<\/span><\/a><\/span><\/nav><div class=\"vcex-module vcex-heading vcex-heading-plain\" style=\"color:#102d67;font-size:32px;font-weight:400;\"><span class=\"vcex-heading-inner clr\">NOTICIAS<\/span><\/div>[\/vc_column][vc_column width=\u00bb2\/3&#8243;][\/vc_column][\/vc_row][vc_row css=\u00bb.vc_custom_1554850446558{padding-top: 60px !important;padding-bottom: 60px !important;}\u00bb][vc_column width=\u00bb1\/3&#8243;][vc_widget_sidebar sidebar_id=\u00bbnotcias\u00bb][\/vc_column][vc_column width=\u00bb2\/3&#8243;]<div class=\"vcex-blog-grid-wrap wpex-clr\"><div class=\"wpex-row vcex-blog-grid wpex-clr entries\" data-transition-duration=\"0.0\"><div class=\"vcex-blog-entry entry-has-details span_1_of_1 col-1 col post-4096 entry type-post no-media cat-1 translation_priority-21\"><div class=\"vcex-blog-entry-inner entry-inner wpex-clr\"><div class=\"vcex-blog-entry-details entry-details wpex-clr\" style=\"color:#5d5d5d;\"><h2 class=\"vcex-blog-entry-title entry-title\" style=\"color:#333333;font-size:22px;font-weight:500;\"><a href=\"https:\/\/rucker-longo.com\/legitimidade-fazenda-falencia\/\" title=\"Legitimidade da fazenda p\u00fablica para requerer fal\u00eancia\" style=\"color:#333333;\">Legitimidade da fazenda p\u00fablica para requerer fal\u00eancia<\/a><\/h2><div class=\"vcex-blog-entry-date\" style=\"color:#8e8d8d;font-size:13px;\">14.02.2026<\/div><div class=\"vcex-blog-entry-excerpt entry-excerpt entry clr\" style=\"font-size:14px;\"><p>Legitimidade da fazenda p\u00fablica para requerer fal\u00eancia Por: Augusto R\u00fccker \/ Lu\u00edza Costa &nbsp; No julgamento do recurso especial n\u00ba 2.196.073\/SE, com publica\u00e7\u00e3o em 13.02.2026, a Terceira Turma do Superior&hellip;<\/p><\/div><div class=\"vcex-blog-entry-readmore-wrap entry-readmore-wrap clr\"><a href=\"https:\/\/rucker-longo.com\/legitimidade-fazenda-falencia\/\" title=\"continuar lendo\" rel=\"bookmark\" class=\"theme-button flat black\" style=\"font-size:12px;border-radius:3px;\" >continuar lendo<\/a><\/div><\/div><\/div><\/div><div class=\"vcex-blog-entry entry-has-details span_1_of_1 col-1 col post-2854 entry type-post no-media cat-1\"><div class=\"vcex-blog-entry-inner entry-inner wpex-clr\"><div class=\"vcex-blog-entry-details entry-details wpex-clr\" style=\"color:#5d5d5d;\"><h2 class=\"vcex-blog-entry-title entry-title\" style=\"color:#333333;font-size:22px;font-weight:500;\"><a href=\"https:\/\/rucker-longo.com\/caucao-falencia\/\" title=\"Cau\u00e7\u00e3o para processamento de fal\u00eancia\" style=\"color:#333333;\">Cau\u00e7\u00e3o para processamento de fal\u00eancia<\/a><\/h2><div class=\"vcex-blog-entry-date\" style=\"color:#8e8d8d;font-size:13px;\">23.07.2024<\/div><div class=\"vcex-blog-entry-excerpt entry-excerpt entry clr\" style=\"font-size:14px;\"><p>Decis\u00e3o do STJ impede a exig\u00eancia de cau\u00e7\u00e3o para decreta\u00e7\u00e3o de fal\u00eancia Por: Carolina Mattos \/ Karina Castro &nbsp; No julgamento do agravo em recurso especial n\u00ba 2.549.573, publicado em&hellip;<\/p><\/div><div class=\"vcex-blog-entry-readmore-wrap entry-readmore-wrap clr\"><a href=\"https:\/\/rucker-longo.com\/caucao-falencia\/\" title=\"continuar lendo\" rel=\"bookmark\" class=\"theme-button flat black\" style=\"font-size:12px;border-radius:3px;\" >continuar lendo<\/a><\/div><\/div><\/div><\/div><div class=\"vcex-blog-entry entry-has-details span_1_of_1 col-1 col post-2725 entry type-post no-media cat-1\"><div class=\"vcex-blog-entry-inner entry-inner wpex-clr\"><div class=\"vcex-blog-entry-details entry-details wpex-clr\" style=\"color:#5d5d5d;\"><h2 class=\"vcex-blog-entry-title entry-title\" style=\"color:#333333;font-size:22px;font-weight:500;\"><a href=\"https:\/\/rucker-longo.com\/cbe-bacen\/\" title=\"Declara\u00e7\u00e3o de Capitais Brasileiros no Exterior &#8211; CBE\/BACEN\" style=\"color:#333333;\">Declara\u00e7\u00e3o de Capitais Brasileiros no Exterior &#8211; CBE\/BACEN<\/a><\/h2><div class=\"vcex-blog-entry-date\" style=\"color:#8e8d8d;font-size:13px;\">12.02.2024<\/div><div class=\"vcex-blog-entry-excerpt entry-excerpt entry clr\" style=\"font-size:14px;\"><p>Declara\u00e7\u00e3o ao Banco Central do Brasil de Capitais Brasileiros no Exterior - CBE\/BACEN A declara\u00e7\u00e3o de Capitais Brasileiros no Exterior \u00e9 uma exig\u00eancia do Banco Central do Brasil para pessoas&hellip;<\/p><\/div><div class=\"vcex-blog-entry-readmore-wrap entry-readmore-wrap clr\"><a href=\"https:\/\/rucker-longo.com\/cbe-bacen\/\" title=\"continuar lendo\" rel=\"bookmark\" class=\"theme-button flat black\" style=\"font-size:12px;border-radius:3px;\" >continuar lendo<\/a><\/div><\/div><\/div><\/div><div class=\"vcex-blog-entry entry-has-details span_1_of_1 col-1 col post-2712 entry type-post no-media cat-1\"><div class=\"vcex-blog-entry-inner entry-inner wpex-clr\"><div class=\"vcex-blog-entry-details entry-details wpex-clr\" style=\"color:#5d5d5d;\"><h2 class=\"vcex-blog-entry-title entry-title\" style=\"color:#333333;font-size:22px;font-weight:500;\"><a href=\"https:\/\/rucker-longo.com\/14-754-2023-tributacao-investimentos-exterior\/\" title=\"Nova legisla\u00e7\u00e3o sobre a tributa\u00e7\u00e3o de investimentos no Brasil e no exterior\" style=\"color:#333333;\">Nova legisla\u00e7\u00e3o sobre a tributa\u00e7\u00e3o de investimentos no Brasil e no exterior<\/a><\/h2><div class=\"vcex-blog-entry-date\" style=\"color:#8e8d8d;font-size:13px;\">29.01.2024<\/div><div class=\"vcex-blog-entry-excerpt entry-excerpt entry clr\" style=\"font-size:14px;\"><p>Breve an\u00e1lise das altera\u00e7\u00f5es tribut\u00e1rias promovidas pela Lei n\u00ba 14.754\/2023 Por: ERIKA R\u00dcCKER e KARINA CASTRO Em 13.12.2023, foi publicada na imprensa oficial a Lei 14.754\/2023, oriunda do Projeto de&hellip;<\/p><\/div><div class=\"vcex-blog-entry-readmore-wrap entry-readmore-wrap clr\"><a href=\"https:\/\/rucker-longo.com\/14-754-2023-tributacao-investimentos-exterior\/\" title=\"continuar lendo\" rel=\"bookmark\" class=\"theme-button flat black\" style=\"font-size:12px;border-radius:3px;\" >continuar lendo<\/a><\/div><\/div><\/div><\/div><\/div><div class=\"wpex-pagination wpex-clr wpex-\"><ul class='page-numbers'>\n\t<li><span aria-current=\"page\" class=\"page-numbers current\">1<\/span><\/li>\n\t<li><a class=\"page-numbers\" href=\"https:\/\/rucker-longo.com\/es\/wp-json\/wp\/v2\/pages\/549\/page\/2\/\">2<\/a><\/li>\n\t<li><a class=\"page-numbers\" href=\"https:\/\/rucker-longo.com\/es\/wp-json\/wp\/v2\/pages\/549\/page\/3\/\">3<\/a><\/li>\n\t<li><a class=\"page-numbers\" href=\"https:\/\/rucker-longo.com\/es\/wp-json\/wp\/v2\/pages\/549\/page\/4\/\">4<\/a><\/li>\n\t<li><a class=\"page-numbers\" href=\"https:\/\/rucker-longo.com\/es\/wp-json\/wp\/v2\/pages\/549\/page\/5\/\">5<\/a><\/li>\n\t<li><a class=\"next page-numbers\" href=\"https:\/\/rucker-longo.com\/es\/wp-json\/wp\/v2\/pages\/549\/page\/2\/\"><span class=\"fa fa-angle-right\" aria-hidden=\"true\"><\/span><span class=\"screen-reader-text\">Siguiente<\/span><\/a><\/li>\n<\/ul>\n<\/div><\/div>[\/vc_column][\/vc_row]\n<\/div>","protected":false},"excerpt":{"rendered":"<p>[vc_row full_width=\u00bbstretch_row\u00bb css=\u00bb.vc_custom_1555024242714{padding-top: 30px !important;padding-bottom: 30px !important;background-image: url(https:\/\/rucker-longo.com\/wp-content\/uploads\/2019\/04\/header-3.jpg?id=135) !important;background-position: center !important;background-repeat: no-repeat !important;background-size: cover !important;}\u00bb wpex_bg_position=\u00bbcenter right\u00bb el_class=\u00bbcabecalho\u00bb][vc_column width=\u00bb1\/3&#8243;][\/vc_column][vc_column width=\u00bb2\/3&#8243;][\/vc_column][\/vc_row][vc_row css=\u00bb.vc_custom_1554850446558{padding-top: 60px !important;padding-bottom: 60px !important;}\u00bb][vc_column width=\u00bb1\/3&#8243;][vc_widget_sidebar sidebar_id=\u00bbnotcias\u00bb][\/vc_column][vc_column width=\u00bb2\/3&#8243;][\/vc_column][\/vc_row]<\/p>\n","protected":false},"author":5,"featured_media":0,"parent":0,"menu_order":0,"comment_status":"closed","ping_status":"closed","template":"","meta":{"_acf_changed":false,"footnotes":""},"class_list":["post-549","page","type-page","status-publish","hentry","entry","no-media"],"acf":[],"_links":{"self":[{"href":"https:\/\/rucker-longo.com\/es\/wp-json\/wp\/v2\/pages\/549","targetHints":{"allow":["GET"]}}],"collection":[{"href":"https:\/\/rucker-longo.com\/es\/wp-json\/wp\/v2\/pages"}],"about":[{"href":"https:\/\/rucker-longo.com\/es\/wp-json\/wp\/v2\/types\/page"}],"author":[{"embeddable":true,"href":"https:\/\/rucker-longo.com\/es\/wp-json\/wp\/v2\/users\/5"}],"replies":[{"embeddable":true,"href":"https:\/\/rucker-longo.com\/es\/wp-json\/wp\/v2\/comments?post=549"}],"version-history":[{"count":2,"href":"https:\/\/rucker-longo.com\/es\/wp-json\/wp\/v2\/pages\/549\/revisions"}],"predecessor-version":[{"id":692,"href":"https:\/\/rucker-longo.com\/es\/wp-json\/wp\/v2\/pages\/549\/revisions\/692"}],"wp:attachment":[{"href":"https:\/\/rucker-longo.com\/es\/wp-json\/wp\/v2\/media?parent=549"}],"curies":[{"name":"wp","href":"https:\/\/api.w.org\/{rel}","templated":true}]}}