{"id":543,"date":"2019-05-08T11:18:20","date_gmt":"2019-05-08T14:18:20","guid":{"rendered":"https:\/\/rucker-longo.com\/?page_id=543&#038;lang=es"},"modified":"2023-04-09T12:46:49","modified_gmt":"2023-04-09T15:46:49","slug":"la-firma","status":"publish","type":"page","link":"https:\/\/rucker-longo.com\/es\/la-firma\/","title":{"rendered":"La Firma"},"content":{"rendered":"<div class=\"wpb-content-wrapper\">[vc_row full_width=\u00bbstretch_row\u00bb css=\u00bb.vc_custom_1555024249197{padding-top: 30px !important;padding-bottom: 30px !important;background-image: url(https:\/\/rucker-longo.com\/wp-content\/uploads\/2019\/04\/header-1.jpg?id=97) !important;background-position: center !important;background-repeat: no-repeat !important;background-size: cover !important;}\u00bb wpex_bg_position=\u00bbcenter right\u00bb el_class=\u00bbcabecalho\u00bb][vc_column width=\u00bb1\/3&#8243;]<nav class=\"vcex-breadcrumbs\" style=\"font-size:13px;\"><span itemscope itemtype=\"http:\/\/data-vocabulary.org\/Breadcrumb\" class=\"trail-begin\"><a href=\"https:\/\/rucker-longo.com\/es\/\" title=\"R\u00fccker &amp; Longo Advogados\" rel=\"home\" itemprop=\"url\"><span itemprop=\"title\">Home<\/span><\/a><\/span><\/nav><div class=\"vcex-module vcex-heading vcex-heading-plain\" style=\"color:#102d67;font-size:32px;font-weight:400;\"><span class=\"vcex-heading-inner clr\">La Firma<\/span><\/div>[\/vc_column][vc_column width=\u00bb2\/3&#8243;][\/vc_column][\/vc_row][vc_row css=\u00bb.vc_custom_1554850446558{padding-top: 60px !important;padding-bottom: 60px !important;}\u00bb][vc_column]<div class=\"vcex-module vcex-heading vcex-heading-plain vc_custom_1681055167528\" style=\"color:#00305b;font-size:20px;\"><span class=\"vcex-heading-inner clr\">LA FIRMA<\/span><\/div>[vc_column_text font_size=\u00bb14&#8243;]\n<p style=\"text-align: justify;\"><strong>R\u00fccker &amp; Longo Advogados\u00a0<\/strong>es un despacho de abogados con sede en las ciudades de Rio de Janeiro y Barcelona, y se caracteriza por prestar servicios de asesoramiento jur\u00eddico empresarial, tributario y financiero, civil e inmobiliario, actuando en proyectos de planificaci\u00f3n mercantil y fiscal (nacional e internacional), en administraci\u00f3n concursal (quiebras, concurso de acreedores, disoluci\u00f3n de sociedades e insolvencias civiles), en la reestructuraci\u00f3n de endeudamiento empresarial, en la optimizaci\u00f3n de transacciones internacionales de grupos multinacionales y de personas f\u00edsicas, adem\u00e1s de actuar en procedimientos de litigio de alta complejidad t\u00e9cnica.<\/p>\n<p style=\"text-align: justify;\">Nuestros servicios incluyen, entre otras especialidades, el derecho empresarial (mercantil), societario, contractual, fiscal nacional e internacional, contencioso especializado, concurso de acreedores, procedimientos de quiebra, adem\u00e1s de prestar soporte a la toma de decisiones estrat\u00e9gicas de nuestros clientes.<\/p>\n<p style=\"text-align: justify;\">El asesoramiento legal, fiscal e financiero de alto valor a\u00f1adido que presta la firma es el resultado del perfil t\u00e9cnico y de la dilatada experiencia internacional de sus socios fundadores, consultores y colaboradores, combinados con una visi\u00f3n global del negocio de sus clientes, entre los que se incluyen diversos grupos internacionales del sector energ\u00e9tico, hospitalario, financiero, alimentario, farmac\u00e9utico, qu\u00edmico e inmobiliario, adem\u00e1s de grandes patrimonios familiares.<\/p>\n<p style=\"text-align: justify;\">Adem\u00e1s, la firma cuenta con una extensa red de colaboradores nacionales e internacionales altamente cualificados en distintos pa\u00edses de Latinoam\u00e9rica, Europa, Asia y \u00c1frica, lo que nos permite prestar un asesoramiento global y continuado en asuntos de diversas actividades de nuestros clientes.<\/p>\n[\/vc_column_text]<div class=\"vcex-spacing\" style=\"height:20px\"><\/div>[vc_separator style=\u00bbdashed\u00bb css=\u00bb.vc_custom_1554940173561{margin-top: 20px !important;margin-bottom: 20px !important;}\u00bb]<div class=\"vcex-module vcex-heading vcex-heading-plain vc_custom_1563359878147\" style=\"color:#00305b;font-size:20px;\"><span class=\"vcex-heading-inner clr\">VISI\u00d3N GLOBAL DE LA EMPRESA<\/span><\/div>[vc_column_text font_size=\u00bb14&#8243;]El objetivo de nuestra colaboraci\u00f3n es aportar ideas y soluciones ajustadas y conscientes de los objetivos de cada sector de la actividad empresarial de nuestros clientes.[\/vc_column_text]<div class=\"vcex-spacing\" style=\"height:20px\"><\/div>[vc_separator style=\u00bbdashed\u00bb css=\u00bb.vc_custom_1554940173561{margin-top: 20px !important;margin-bottom: 20px !important;}\u00bb]<div class=\"vcex-module vcex-heading vcex-heading-plain vc_custom_1563359909813\" style=\"color:#00305b;font-size:20px;\"><span class=\"vcex-heading-inner clr\">VOCACI\u00d3N INTERNACIONAL<\/span><\/div>[vc_column_text font_size=\u00bb14&#8243;]La amplia experiencia internacional de nuestro equipo nos permite ofrecer un servicio de alto valor a\u00f1adido con relaci\u00f3n a las m\u00e1s diversas transacciones internacionales.[\/vc_column_text]<div class=\"vcex-spacing\" style=\"height:20px\"><\/div>[vc_separator style=\u00bbdashed\u00bb css=\u00bb.vc_custom_1554940173561{margin-top: 20px !important;margin-bottom: 20px !important;}\u00bb]<div class=\"vcex-module vcex-heading vcex-heading-plain vc_custom_1563359951797\" style=\"color:#00305b;font-size:20px;\"><span class=\"vcex-heading-inner clr\">MULTILING\u00dcE Y MULTICULTURAL<\/span><\/div>[vc_column_text font_size=\u00bb14&#8243;]Los socios y colaboradores de nuestro equipo act\u00faan en diversos ambientes de negocios y en distintos idiomas, como el portugu\u00e9s, ingl\u00e9s, castellano, franc\u00e9s y catal\u00e1n.[\/vc_column_text]<div class=\"vcex-spacing\" style=\"height:20px\"><\/div>[vc_separator style=\u00bbdashed\u00bb css=\u00bb.vc_custom_1554940173561{margin-top: 20px !important;margin-bottom: 20px !important;}\u00bb]<div class=\"vcex-module vcex-heading vcex-heading-plain vc_custom_1563360000662\" style=\"color:#00305b;font-size:20px;\"><span class=\"vcex-heading-inner clr\">RED DE COLABORACI\u00d3N INTERNACIONAL<\/span><\/div>[vc_column_text font_size=\u00bb14&#8243;]La trayectoria personal y profesional de nuestros socios y asociados nos ha permitido formar una extensa red de colaboradores internacionales altamente cualificados.[\/vc_column_text]<div class=\"vcex-spacing\" style=\"height:20px\"><\/div>[vc_separator style=\u00bbdashed\u00bb css=\u00bb.vc_custom_1554940173561{margin-top: 20px !important;margin-bottom: 20px !important;}\u00bb][\/vc_column][\/vc_row]\n<\/div>","protected":false},"excerpt":{"rendered":"<p>[vc_row full_width=\u00bbstretch_row\u00bb css=\u00bb.vc_custom_1555024249197{padding-top: 30px !important;padding-bottom: 30px !important;background-image: url(https:\/\/rucker-longo.com\/wp-content\/uploads\/2019\/04\/header-1.jpg?id=97) !important;background-position: center !important;background-repeat: no-repeat !important;background-size: cover !important;}\u00bb wpex_bg_position=\u00bbcenter right\u00bb el_class=\u00bbcabecalho\u00bb][vc_column width=\u00bb1\/3&#8243;][\/vc_column][vc_column width=\u00bb2\/3&#8243;][\/vc_column][\/vc_row][vc_row css=\u00bb.vc_custom_1554850446558{padding-top: 60px !important;padding-bottom: 60px !important;}\u00bb][vc_column][vc_column_text font_size=\u00bb14&#8243;] R\u00fccker &amp; Longo Advogados\u00a0es un despacho de abogados con sede en las ciudades de&hellip;<\/p>\n","protected":false},"author":5,"featured_media":0,"parent":0,"menu_order":0,"comment_status":"closed","ping_status":"closed","template":"","meta":{"_acf_changed":false,"footnotes":""},"class_list":["post-543","page","type-page","status-publish","hentry","entry","no-media"],"acf":[],"_links":{"self":[{"href":"https:\/\/rucker-longo.com\/es\/wp-json\/wp\/v2\/pages\/543","targetHints":{"allow":["GET"]}}],"collection":[{"href":"https:\/\/rucker-longo.com\/es\/wp-json\/wp\/v2\/pages"}],"about":[{"href":"https:\/\/rucker-longo.com\/es\/wp-json\/wp\/v2\/types\/page"}],"author":[{"embeddable":true,"href":"https:\/\/rucker-longo.com\/es\/wp-json\/wp\/v2\/users\/5"}],"replies":[{"embeddable":true,"href":"https:\/\/rucker-longo.com\/es\/wp-json\/wp\/v2\/comments?post=543"}],"version-history":[{"count":7,"href":"https:\/\/rucker-longo.com\/es\/wp-json\/wp\/v2\/pages\/543\/revisions"}],"predecessor-version":[{"id":2430,"href":"https:\/\/rucker-longo.com\/es\/wp-json\/wp\/v2\/pages\/543\/revisions\/2430"}],"wp:attachment":[{"href":"https:\/\/rucker-longo.com\/es\/wp-json\/wp\/v2\/media?parent=543"}],"curies":[{"name":"wp","href":"https:\/\/api.w.org\/{rel}","templated":true}]}}