{"id":541,"date":"2019-05-08T11:17:54","date_gmt":"2019-05-08T14:17:54","guid":{"rendered":"https:\/\/rucker-longo.com\/?page_id=541&#038;lang=es"},"modified":"2025-06-22T13:04:39","modified_gmt":"2025-06-22T16:04:39","slug":"homepage","status":"publish","type":"page","link":"https:\/\/rucker-longo.com\/es\/","title":{"rendered":"Homepage"},"content":{"rendered":"<div class=\"wpb-content-wrapper\">[vc_row full_width=\u00bbstretch_row\u00bb content_placement=\u00bbmiddle\u00bb full_height=\u00bbyes\u00bb typography_style=\u00bblight\u00bb bg_style=\u00bbstretch\u00bb css=\u00bb.vc_custom_1556060283391{padding-top: 100px !important;padding-bottom: 100px !important;background: #292929 url(https:\/\/rucker-longo.com\/wp-content\/uploads\/2025\/06\/rio-de-janeiro-1-scaled-e1750608076108.jpg?id=58) !important;background-position: center !important;background-repeat: no-repeat !important;background-size: cover !important;}\u00bb wpex_bg_position=\u00bbcenter bottom\u00bb el_id=\u00bbhero\u00bb][vc_column][vc_tta_pageable no_fill_content_area=\u00bb1&#8243; autoplay=\u00bb5&#8243; active_section=\u00bb1&#8243; pagination_style=\u00bbflat-round\u00bb pagination_color=\u00bbwhite\u00bb][vc_tta_section title=\u00bbSe\u00e7\u00e3o 1&#8243; tab_id=\u00bb1556060040216-4cc2ec53-5b60&#8243;]<h2 class=\"vcex-module vcex-heading vcex-heading-plain\" style=\"color:#ffffff;font-size:52px;font-weight:600;text-align:center;\"><span class=\"vcex-heading-inner clr\">INVERSIONES INTERNACIONALES<\/span><\/h2><h3 class=\"vcex-module vcex-heading vcex-heading-plain vc_custom_1563453446211 wpex-responsive-txt\" data-max-font-size=\"28\" data-min-font-size=\"22\" style=\"color:#ffffff;font-size:28px;text-align:center;line-height:1.1;\"><span class=\"vcex-heading-inner clr\">NEGOCIACI\u00d3N Y PLANIFICACI\u00d3N<\/span><\/h3>[vc_column_text responsive_text=\u00bbtrue\u00bb text_align=\u00bbcenter\u00bb width=\u00bb820&#8243; color=\u00bb#ffffff\u00bb font_size=\u00bb18&#8243; min_font_size=\u00bb14&#8243;]Asesoramiento a empresas y personas fisicas en sus inversiones internacionales, prestando servicios de consultoria mercantil, planificaci\u00f3n fiscal y reorganizaci\u00f3n de grupos empresariales[\/vc_column_text][vc_empty_space height=\u00bb30px\u00bb]<div class=\"textcenter theme-button-wrap clr\"><a href=\"\/es\/areas-de-practica\/\" title=\"NUESTRAS \u00c1REAS DE PR\u00c1CTICA\" class=\"vcex-button theme-button outline white align-center inline animate-on-hover\"><span class=\"theme-button-inner\">NUESTRAS \u00c1REAS DE PR\u00c1CTICA<\/span><\/a><\/div> [\/vc_tta_section][vc_tta_section title=\u00bbSe\u00e7\u00e3o 1&#8243; tab_id=\u00bb1556060084520-f4acc39e-fff0&#8243;]<h2 class=\"vcex-module vcex-heading vcex-heading-plain wpex-responsive-txt\" data-max-font-size=\"52\" data-min-font-size=\"32\" style=\"color:#ffffff;font-size:52px;font-weight:600;text-align:center;line-height:1.2;\"><span class=\"vcex-heading-inner clr\">MEDIACI\u00d3N DE CONFLICTOS Y LITIGIOS<\/span><\/h2><h3 class=\"vcex-module vcex-heading vcex-heading-plain vc_custom_1563453592692 wpex-responsive-txt\" data-max-font-size=\"28\" data-min-font-size=\"22\" style=\"color:#ffffff;font-size:28px;text-align:center;line-height:1.1;\"><span class=\"vcex-heading-inner clr\">PREVENCI\u00d3N Y CONTENCIOSO<\/span><\/h3>[vc_column_text responsive_text=\u00bbtrue\u00bb text_align=\u00bbcenter\u00bb width=\u00bb820&#8243; color=\u00bb#ffffff\u00bb font_size=\u00bb18&#8243; min_font_size=\u00bb14&#8243;]Actuaci\u00f3n estrat\u00e9gica en la prevenci\u00f3n de conflictos societarios, proponiendo medidas judiciales y defensas judiciales de alto nivel tecnico, incluyendo arbitraje y contencioso internacional[\/vc_column_text][vc_empty_space height=\u00bb30px\u00bb]<div class=\"textcenter theme-button-wrap clr\"><a href=\"\/es\/areas-de-practica\/\" title=\"NUESTRAS \u00c1REAS DE PR\u00c1CTICA\" class=\"vcex-button theme-button outline white align-center inline animate-on-hover\"><span class=\"theme-button-inner\">NUESTRAS \u00c1REAS DE PR\u00c1CTICA<\/span><\/a><\/div> [\/vc_tta_section][vc_tta_section title=\u00bbSe\u00e7\u00e3o 1&#8243; tab_id=\u00bb1556060571683-5ad400e1-5139&#8243;]<h2 class=\"vcex-module vcex-heading vcex-heading-plain wpex-responsive-txt\" data-max-font-size=\"52\" data-min-font-size=\"32\" style=\"color:#ffffff;font-size:52px;font-weight:600;text-align:center;line-height:1.2;\"><span class=\"vcex-heading-inner clr\">REESTRUCTURACI\u00d3N E INSOLVENCIA<\/span><\/h2><h3 class=\"vcex-module vcex-heading vcex-heading-plain vc_custom_1563453703764 wpex-responsive-txt\" data-max-font-size=\"28\" data-min-font-size=\"22\" style=\"color:#ffffff;font-size:28px;text-align:center;line-height:1.1;\"><span class=\"vcex-heading-inner clr\">ASESOR\u00cdA Y ADMINISTRACI\u00d3N CONCURSAL<\/span><\/h3>[vc_column_text responsive_text=\u00bbtrue\u00bb text_align=\u00bbcenter\u00bb width=\u00bb820&#8243; color=\u00bb#ffffff\u00bb font_size=\u00bb18&#8243; min_font_size=\u00bb14&#8243;]Asesor\u00eda en cuestiones de reestructuraci\u00f3n financiera de empresas, recuperaci\u00f3n de activos, as\u00ed como prestaci\u00f3n de servicios de administraci\u00f3n concursal[\/vc_column_text][vc_empty_space height=\u00bb30px\u00bb]<div class=\"textcenter theme-button-wrap clr\"><a href=\"\/es\/reestructuracion-e-insolvencia\/\" title=\"DETALLES\" class=\"vcex-button theme-button outline white align-center inline animate-on-hover\"><span class=\"theme-button-inner\">DETALLES<\/span><\/a><\/div> [\/vc_tta_section][\/vc_tta_pageable][\/vc_column][\/vc_row]\n<\/div>","protected":false},"excerpt":{"rendered":"<p>[vc_row full_width=\u00bbstretch_row\u00bb content_placement=\u00bbmiddle\u00bb full_height=\u00bbyes\u00bb typography_style=\u00bblight\u00bb bg_style=\u00bbstretch\u00bb css=\u00bb.vc_custom_1556060283391{padding-top: 100px !important;padding-bottom: 100px !important;background: #292929 url(https:\/\/rucker-longo.com\/wp-content\/uploads\/2025\/06\/rio-de-janeiro-1-scaled-e1750608076108.jpg?id=58) !important;background-position: center !important;background-repeat: no-repeat !important;background-size: cover !important;}\u00bb wpex_bg_position=\u00bbcenter bottom\u00bb el_id=\u00bbhero\u00bb][vc_column][vc_tta_pageable no_fill_content_area=\u00bb1&#8243; autoplay=\u00bb5&#8243; active_section=\u00bb1&#8243; pagination_style=\u00bbflat-round\u00bb pagination_color=\u00bbwhite\u00bb][vc_tta_section title=\u00bbSe\u00e7\u00e3o 1&#8243; tab_id=\u00bb1556060040216-4cc2ec53-5b60&#8243;][vc_column_text responsive_text=\u00bbtrue\u00bb text_align=\u00bbcenter\u00bb width=\u00bb820&#8243; color=\u00bb#ffffff\u00bb font_size=\u00bb18&#8243; min_font_size=\u00bb14&#8243;]Asesoramiento a empresas y&hellip;<\/p>\n","protected":false},"author":5,"featured_media":0,"parent":0,"menu_order":0,"comment_status":"closed","ping_status":"closed","template":"","meta":{"_acf_changed":false,"footnotes":""},"class_list":["post-541","page","type-page","status-publish","hentry","entry","no-media"],"acf":[],"_links":{"self":[{"href":"https:\/\/rucker-longo.com\/es\/wp-json\/wp\/v2\/pages\/541","targetHints":{"allow":["GET"]}}],"collection":[{"href":"https:\/\/rucker-longo.com\/es\/wp-json\/wp\/v2\/pages"}],"about":[{"href":"https:\/\/rucker-longo.com\/es\/wp-json\/wp\/v2\/types\/page"}],"author":[{"embeddable":true,"href":"https:\/\/rucker-longo.com\/es\/wp-json\/wp\/v2\/users\/5"}],"replies":[{"embeddable":true,"href":"https:\/\/rucker-longo.com\/es\/wp-json\/wp\/v2\/comments?post=541"}],"version-history":[{"count":14,"href":"https:\/\/rucker-longo.com\/es\/wp-json\/wp\/v2\/pages\/541\/revisions"}],"predecessor-version":[{"id":3938,"href":"https:\/\/rucker-longo.com\/es\/wp-json\/wp\/v2\/pages\/541\/revisions\/3938"}],"wp:attachment":[{"href":"https:\/\/rucker-longo.com\/es\/wp-json\/wp\/v2\/media?parent=541"}],"curies":[{"name":"wp","href":"https:\/\/api.w.org\/{rel}","templated":true}]}}