{"id":529,"date":"2019-05-08T11:15:12","date_gmt":"2019-05-08T14:15:12","guid":{"rendered":"https:\/\/rucker-longo.com\/?page_id=529&#038;lang=es"},"modified":"2019-05-10T08:53:48","modified_gmt":"2019-05-10T11:53:48","slug":"inmobiliario","status":"publish","type":"page","link":"https:\/\/rucker-longo.com\/es\/inmobiliario\/","title":{"rendered":"Inmobiliario"},"content":{"rendered":"<div class=\"wpb-content-wrapper\">[vc_row full_width=\u00bbstretch_row\u00bb css=\u00bb.vc_custom_1555024270732{padding-top: 30px !important;padding-bottom: 30px !important;background-image: url(https:\/\/rucker-longo.com\/wp-content\/uploads\/2019\/04\/header-4.jpg?id=158) !important;background-position: center !important;background-repeat: no-repeat !important;background-size: cover !important;}\u00bb wpex_bg_position=\u00bbcenter right\u00bb el_class=\u00bbcabecalho\u00bb][vc_column width=\u00bb1\/3&#8243;]<nav class=\"vcex-breadcrumbs\" style=\"font-size:13px;\"><span itemscope itemtype=\"http:\/\/data-vocabulary.org\/Breadcrumb\" class=\"trail-begin\"><a href=\"https:\/\/rucker-longo.com\/es\/\" title=\"R\u00fccker &amp; Longo Advogados\" rel=\"home\" itemprop=\"url\"><span itemprop=\"title\">Home<\/span><\/a><\/span><\/nav><div class=\"vcex-module vcex-heading vcex-heading-plain\" style=\"color:#102d67;font-size:32px;font-weight:400;\"><span class=\"vcex-heading-inner clr\">\u00c1REAS DE PR\u00c1CTICA<\/span><\/div>[\/vc_column][vc_column width=\u00bb2\/3&#8243;][\/vc_column][\/vc_row][vc_row css=\u00bb.vc_custom_1554850446558{padding-top: 60px !important;padding-bottom: 60px !important;}\u00bb][vc_column width=\u00bb1\/3&#8243;][vc_wp_custommenu nav_menu=\u00bb5&#8243;][\/vc_column][vc_column width=\u00bb2\/3&#8243;]<div class=\"vcex-module vcex-heading vcex-heading-plain vc_custom_1557489224423\" style=\"color:#333333;font-size:30px;font-weight:400;\"><span class=\"vcex-heading-inner clr\">Inmobiliario<\/span><\/div>[vc_column_text]<span style=\"font-size: 14px;\">Atuamos intensamente na consultoria jur\u00eddica relacionada com a\u00a0aquisi\u00e7\u00e3o, venda e op\u00e7\u00e3o de compra e venda de im\u00f3veis buscando reduzir riscos em neg\u00f3cios jur\u00eddicos complexos, inclusive\u00a0na aquisi\u00e7\u00e3o de bens em invent\u00e1rios, em leil\u00e3o judicial e extrajudicial\u00a0(hastas p\u00fablicas) e na regulariza\u00e7\u00e3o de im\u00f3veis. Por outra banda, representamos nossos clientes em\u00a0invent\u00e1rios judiciais e extrajudiciais, no planejamento sucess\u00f3rio mediante a constitui\u00e7\u00e3o de sociedades\u00a0holding\u00a0e patrimoniais e\u00a0na elabora\u00e7\u00e3o de testamentos, dentre outras possibilidades.<\/span>[\/vc_column_text][\/vc_column][\/vc_row]\n<\/div>","protected":false},"excerpt":{"rendered":"<p>[vc_row full_width=\u00bbstretch_row\u00bb css=\u00bb.vc_custom_1555024270732{padding-top: 30px !important;padding-bottom: 30px !important;background-image: url(https:\/\/rucker-longo.com\/wp-content\/uploads\/2019\/04\/header-4.jpg?id=158) !important;background-position: center !important;background-repeat: no-repeat !important;background-size: cover !important;}\u00bb wpex_bg_position=\u00bbcenter right\u00bb el_class=\u00bbcabecalho\u00bb][vc_column width=\u00bb1\/3&#8243;][\/vc_column][vc_column width=\u00bb2\/3&#8243;][\/vc_column][\/vc_row][vc_row css=\u00bb.vc_custom_1554850446558{padding-top: 60px !important;padding-bottom: 60px !important;}\u00bb][vc_column width=\u00bb1\/3&#8243;][vc_wp_custommenu nav_menu=\u00bb5&#8243;][\/vc_column][vc_column width=\u00bb2\/3&#8243;][vc_column_text]Atuamos intensamente na consultoria jur\u00eddica relacionada com a\u00a0aquisi\u00e7\u00e3o, venda e op\u00e7\u00e3o de compra&hellip;<\/p>\n","protected":false},"author":5,"featured_media":0,"parent":0,"menu_order":0,"comment_status":"closed","ping_status":"closed","template":"","meta":{"_acf_changed":false,"footnotes":""},"class_list":["post-529","page","type-page","status-publish","hentry","entry","no-media"],"acf":[],"_links":{"self":[{"href":"https:\/\/rucker-longo.com\/es\/wp-json\/wp\/v2\/pages\/529","targetHints":{"allow":["GET"]}}],"collection":[{"href":"https:\/\/rucker-longo.com\/es\/wp-json\/wp\/v2\/pages"}],"about":[{"href":"https:\/\/rucker-longo.com\/es\/wp-json\/wp\/v2\/types\/page"}],"author":[{"embeddable":true,"href":"https:\/\/rucker-longo.com\/es\/wp-json\/wp\/v2\/users\/5"}],"replies":[{"embeddable":true,"href":"https:\/\/rucker-longo.com\/es\/wp-json\/wp\/v2\/comments?post=529"}],"version-history":[{"count":3,"href":"https:\/\/rucker-longo.com\/es\/wp-json\/wp\/v2\/pages\/529\/revisions"}],"predecessor-version":[{"id":748,"href":"https:\/\/rucker-longo.com\/es\/wp-json\/wp\/v2\/pages\/529\/revisions\/748"}],"wp:attachment":[{"href":"https:\/\/rucker-longo.com\/es\/wp-json\/wp\/v2\/media?parent=529"}],"curies":[{"name":"wp","href":"https:\/\/api.w.org\/{rel}","templated":true}]}}