{"id":526,"date":"2019-05-08T11:09:26","date_gmt":"2019-05-08T14:09:26","guid":{"rendered":"https:\/\/rucker-longo.com\/?page_id=526&#038;lang=es"},"modified":"2019-05-10T08:52:08","modified_gmt":"2019-05-10T11:52:08","slug":"mediacion-y-litigacion","status":"publish","type":"page","link":"https:\/\/rucker-longo.com\/es\/mediacion-y-litigacion\/","title":{"rendered":"Mediaci\u00f3n y Litigaci\u00f3n"},"content":{"rendered":"<div class=\"wpb-content-wrapper\">[vc_row full_width=\u00bbstretch_row\u00bb css=\u00bb.vc_custom_1555024215904{padding-top: 30px !important;padding-bottom: 30px !important;background-image: url(https:\/\/rucker-longo.com\/wp-content\/uploads\/2019\/04\/header-4.jpg?id=158) !important;background-position: center !important;background-repeat: no-repeat !important;background-size: cover !important;}\u00bb wpex_bg_position=\u00bbcenter right\u00bb el_class=\u00bbcabecalho\u00bb][vc_column width=\u00bb1\/3&#8243;]<nav class=\"vcex-breadcrumbs\" style=\"font-size:13px;\"><span itemscope itemtype=\"http:\/\/data-vocabulary.org\/Breadcrumb\" class=\"trail-begin\"><a href=\"https:\/\/rucker-longo.com\/es\/\" title=\"R\u00fccker &amp; Longo Advogados\" rel=\"home\" itemprop=\"url\"><span itemprop=\"title\">Home<\/span><\/a><\/span><\/nav><div class=\"vcex-module vcex-heading vcex-heading-plain\" style=\"color:#102d67;font-size:32px;font-weight:400;\"><span class=\"vcex-heading-inner clr\">\u00c1REAS DE PR\u00c1CTICA<\/span><\/div>[\/vc_column][vc_column width=\u00bb2\/3&#8243;][\/vc_column][\/vc_row][vc_row css=\u00bb.vc_custom_1554850446558{padding-top: 60px !important;padding-bottom: 60px !important;}\u00bb][vc_column width=\u00bb1\/3&#8243;][vc_wp_custommenu nav_menu=\u00bb5&#8243;][\/vc_column][vc_column width=\u00bb2\/3&#8243;]<div class=\"vcex-module vcex-heading vcex-heading-plain vc_custom_1557489109683\" style=\"color:#333333;font-size:30px;font-weight:400;\"><span class=\"vcex-heading-inner clr\">Mediaci\u00f3n y Litigaci\u00f3n<\/span><\/div>[vc_column_text]<span style=\"font-size: 14px;\">Por conta da s\u00f3lida e extensa experi\u00eancia da nossa equipe, prestamos consultoria nas mais variadas quest\u00f5es jur\u00eddicas relacionadas com o Direito Civil, dentre elas a confec\u00e7\u00e3o e altera\u00e7\u00e3o de contratos c\u00edveis, identificando e reduzindo riscos inerentes \u00e0 atividade empresarial dos nossos clientes.<\/span> <span style=\"font-size: 14px;\">Tamb\u00e9m atuamos na representa\u00e7\u00e3o de empresas e pessoas f\u00edsicas em medidas judiciais de recupera\u00e7\u00e3o de ativos, execu\u00e7\u00e3o de cr\u00e9ditos de diversas naturezas, defesas t\u00e9cnicas em a\u00e7\u00f5es judiciais e ampla atua\u00e7\u00e3o em lit\u00edgios de alta complexidade t\u00e9cnica.<\/span>[\/vc_column_text][\/vc_column][\/vc_row]\n<\/div>","protected":false},"excerpt":{"rendered":"<p>[vc_row full_width=\u00bbstretch_row\u00bb css=\u00bb.vc_custom_1555024215904{padding-top: 30px !important;padding-bottom: 30px !important;background-image: url(https:\/\/rucker-longo.com\/wp-content\/uploads\/2019\/04\/header-4.jpg?id=158) !important;background-position: center !important;background-repeat: no-repeat !important;background-size: cover !important;}\u00bb wpex_bg_position=\u00bbcenter right\u00bb el_class=\u00bbcabecalho\u00bb][vc_column width=\u00bb1\/3&#8243;][\/vc_column][vc_column width=\u00bb2\/3&#8243;][\/vc_column][\/vc_row][vc_row css=\u00bb.vc_custom_1554850446558{padding-top: 60px !important;padding-bottom: 60px !important;}\u00bb][vc_column width=\u00bb1\/3&#8243;][vc_wp_custommenu nav_menu=\u00bb5&#8243;][\/vc_column][vc_column width=\u00bb2\/3&#8243;][vc_column_text]Por conta da s\u00f3lida e extensa experi\u00eancia da nossa equipe, prestamos consultoria nas&hellip;<\/p>\n","protected":false},"author":5,"featured_media":0,"parent":0,"menu_order":0,"comment_status":"closed","ping_status":"closed","template":"","meta":{"_acf_changed":false,"footnotes":""},"class_list":["post-526","page","type-page","status-publish","hentry","entry","no-media"],"acf":[],"_links":{"self":[{"href":"https:\/\/rucker-longo.com\/es\/wp-json\/wp\/v2\/pages\/526","targetHints":{"allow":["GET"]}}],"collection":[{"href":"https:\/\/rucker-longo.com\/es\/wp-json\/wp\/v2\/pages"}],"about":[{"href":"https:\/\/rucker-longo.com\/es\/wp-json\/wp\/v2\/types\/page"}],"author":[{"embeddable":true,"href":"https:\/\/rucker-longo.com\/es\/wp-json\/wp\/v2\/users\/5"}],"replies":[{"embeddable":true,"href":"https:\/\/rucker-longo.com\/es\/wp-json\/wp\/v2\/comments?post=526"}],"version-history":[{"count":3,"href":"https:\/\/rucker-longo.com\/es\/wp-json\/wp\/v2\/pages\/526\/revisions"}],"predecessor-version":[{"id":746,"href":"https:\/\/rucker-longo.com\/es\/wp-json\/wp\/v2\/pages\/526\/revisions\/746"}],"wp:attachment":[{"href":"https:\/\/rucker-longo.com\/es\/wp-json\/wp\/v2\/media?parent=526"}],"curies":[{"name":"wp","href":"https:\/\/api.w.org\/{rel}","templated":true}]}}