{"id":1151,"date":"2019-07-16T08:52:06","date_gmt":"2019-07-16T11:52:06","guid":{"rendered":"https:\/\/rucker-longo.com\/es\/green-life\/"},"modified":"2024-02-22T13:59:41","modified_gmt":"2024-02-22T16:59:41","slug":"green-life","status":"publish","type":"page","link":"https:\/\/rucker-longo.com\/es\/green-life\/","title":{"rendered":"Green Life Execu\u00e7\u00e3o de Projetos Ambientais Ltda. &#8211; Em recupera\u00e7\u00e3o judicial"},"content":{"rendered":"<div class=\"wpb-content-wrapper\">[vc_row][vc_column]<div class=\"vcex-spacing\" style=\"height:30px\"><\/div>[vc_column_text]\n<h3 style=\"text-align: center;\"><strong>Green Life Execu\u00e7\u00e3o de Projetos Ambientais Ltda. &#8211; em recupera\u00e7\u00e3o j<\/strong><strong>udicial<\/strong><\/h3>\n<h3 style=\"text-align: center;\"><strong>6a Vara Empresarial da Comarca da Capital do Estado do Rio de Janeiro<\/strong><\/h3>\n<h3 style=\"text-align: center;\"><strong>Processo n\u00ba 0080838-58.2019.8.19.0001<\/strong><\/h3>\n<p style=\"text-align: center;\">Acesso ao processo judicial eletr\u00f4nico: <a href=\"https:\/\/www3.tjrj.jus.br\/consultaprocessual\/#\/consultapublica?numProcessoCNJ=0080838-58.2019.8.19.0001\" target=\"_blank\" rel=\"noopener noreferrer\">clique aqui<\/a>.<\/p>\n<p>\u00a0[\/vc_column_text]<div class=\"vcex-spacing\" style=\"height:30px\"><\/div>[vc_column_text]\n<h3><span style=\"text-decoration: underline;\"><strong>Principais documentos relacionados com o procedimento<\/strong><\/span>:<\/h3>\n<p>Pedido de processamento da recupera\u00e7\u00e3o judicial [<a href=\"https:\/\/rucker-longo.com\/wp-content\/uploads\/2020\/02\/20200213-Green-Life-peti\u00e7\u00e3o-inicial.pdf\" target=\"_blank\" rel=\"noopener noreferrer\">clique aqui para acessar<\/a>]\n<p>Decis\u00e3o judicial de deferimento do processamento da recupera\u00e7\u00e3o judicial [<a href=\"https:\/\/rucker-longo.com\/wp-content\/uploads\/2020\/02\/20200213-Green-Life-decis\u00e3o-deferimento.pdf\" target=\"_blank\" rel=\"noopener noreferrer\">clique aqui para acessar<\/a>]\n<p>Rela\u00e7\u00e3o de credores das devedoras &#8211; art. 52, Lei n\u00ba 11.101\/2005 [<a href=\"https:\/\/rucker-longo.com\/wp-content\/uploads\/2020\/02\/20200213-Green-Life-rela\u00e7\u00e3o-de-credores-da-recuperanda.pdf\" target=\"_blank\" rel=\"noopener noreferrer\">clique aqui para acessar<\/a>]\n<p>Rela\u00e7\u00e3o de credores do administrador judicial &#8211; art. 7\u00ba, \u00a72\u00ba, Lei n\u00ba 11.101\/2005 &#8211; Classe I &#8211; Empregados [<a href=\"https:\/\/rucker-longo.com\/wp-content\/uploads\/2020\/02\/20190729-Green-Life-Rela\u00e7\u00e3o-de-credores-Auditoria-cont\u00e1bil-Classe-I-Empregados.pdf\" target=\"_blank\" rel=\"noopener noreferrer\">clique aqui para acessar<\/a>]\n<p>Rela\u00e7\u00e3o de credores do administrador judicial &#8211; art. 7\u00ba, \u00a72\u00ba, Lei n\u00ba 11.101\/2005 &#8211; Classe I &#8211; Execu\u00e7\u00f5es TRT-1 [<a href=\"https:\/\/rucker-longo.com\/wp-content\/uploads\/2020\/02\/20190729-Green-Life-Rela\u00e7\u00e3o-de-credores-Auditoria-cont\u00e1bil-Classe-I-Execu\u00e7\u00f5es-TRT1.pdf\" target=\"_blank\" rel=\"noopener noreferrer\">clique aqui para acessar<\/a>]\n<p>Rela\u00e7\u00e3o de credores do administrador judicial &#8211; art. 7\u00ba, \u00a72\u00ba, Lei n\u00ba 11.101\/2005 &#8211; Classe I &#8211; Execu\u00e7\u00f5es TRT-2 [<a href=\"https:\/\/rucker-longo.com\/wp-content\/uploads\/2020\/02\/20190729-Green-Life-Rela\u00e7\u00e3o-de-credores-Auditoria-cont\u00e1bil-Classe-I-Execu\u00e7\u00f5es-TRT2.pdf\" target=\"_blank\" rel=\"noopener noreferrer\">clique aqui para acessar<\/a>]\n<p>Rela\u00e7\u00e3o de credores do administrador judicial &#8211; art. 7\u00ba, \u00a72\u00ba, Lei n\u00ba 11.101\/2005 &#8211; Classe I &#8211; Advogados [<a href=\"https:\/\/rucker-longo.com\/wp-content\/uploads\/2020\/02\/20190729-Green-Life-Rela\u00e7\u00e3o-de-credores-Auditoria-cont\u00e1bil-Classe-I-Advogados.pdf\" target=\"_blank\" rel=\"noopener noreferrer\">clique aqui para acessar<\/a>]\n<p>Rela\u00e7\u00e3o de credores do administrador judicial &#8211; art. 7\u00ba, \u00a72\u00ba, Lei n\u00ba 11.101\/2005 &#8211; Classe III &#8211; Quirograf\u00e1rios [<a href=\"https:\/\/rucker-longo.com\/wp-content\/uploads\/2020\/02\/20190729-Green-Life-Rela\u00e7\u00e3o-de-credores-Auditoria-cont\u00e1bil-Classe-III.pdf\" target=\"_blank\" rel=\"noopener noreferrer\">clique aqui para acessar<\/a>]\n<p>Rela\u00e7\u00e3o de credores do administrador judicial &#8211; art. 7\u00ba, \u00a72\u00ba, Lei n\u00ba 11.101\/2005 &#8211; Classe IV &#8211; ME\/EPP [<a href=\"https:\/\/rucker-longo.com\/wp-content\/uploads\/2020\/02\/20190729-Green-Life-Rela\u00e7\u00e3o-de-credores-Auditoria-cont\u00e1bil-Classe-IV.pdf\" target=\"_blank\" rel=\"noopener noreferrer\">clique aqui para acessar<\/a>]\n<p>Plano de recupera\u00e7\u00e3o judicial aprovado em Assembleia Geral de Credores [<a href=\"https:\/\/rucker-longo.com\/wp-content\/uploads\/2020\/02\/20200213-Green-Life-PRJ-Green-Life-\u00faltima-vers\u00e3o.pdf\" target=\"_blank\" rel=\"noopener noreferrer\">clique aqui para acessar<\/a>]\n<p>Ata da Assembleia Geral de Credores &#8211; 1a Convoca\u00e7\u00e3o [<a href=\"https:\/\/rucker-longo.com\/wp-content\/uploads\/2020\/02\/20200213-Green-Life-ata-AGC-1a-convoca\u00e7\u00e3o.pdf\" target=\"_blank\" rel=\"noopener noreferrer\">clique aqui para acessar<\/a>]\n<p>Ata da Assembleia Geral de Credores &#8211; 2a Convoca\u00e7\u00e3o [<a href=\"https:\/\/rucker-longo.com\/wp-content\/uploads\/2020\/02\/20200213-Green-Life-ata-AGC-2a-convoca\u00e7\u00e3o.pdf\" target=\"_blank\" rel=\"noopener noreferrer\">clique aqui para acessar<\/a>]\n<p>Decis\u00e3o judicial de homologa\u00e7\u00e3o do plano de recupera\u00e7\u00e3o judicial e de concess\u00e3o da recupera\u00e7\u00e3o judicial [<a href=\"https:\/\/rucker-longo.com\/wp-content\/uploads\/2020\/02\/20200213-Green-Life-decis\u00e3o-concess\u00e3o-RJ.pdf\" target=\"_blank\" rel=\"noopener noreferrer\">clique aqui para acessar<\/a>]\n<h3><\/h3>\n<p>&nbsp;<\/p>\n<h3><span style=\"text-decoration: underline;\"><strong>Orienta\u00e7\u00f5es a respeito do procedimento<\/strong><\/span>:<\/h3>\n<p>&#8211; O credor das empresas em recupera\u00e7\u00e3o judicial que n\u00e3o se encontrem listadas na rela\u00e7\u00e3o de credores das devedoras poder\u00e1 solicitar a inclus\u00e3o do seu cr\u00e9dito, observando o procedimento previsto no artigo 7\u00ba da Lei n\u00ba 11.101\/2005.<\/p>\n<p>&#8211; O pagamento aos credores dever\u00e1 observar as novas condi\u00e7\u00f5es a serem aprovadas em Assembleia Geral de Credores, ainda sem data para ocorrer.<\/p>\n<p>&#8211; &#8230;&#8230;&#8230;[\/vc_column_text]<div class=\"vcex-spacing\" style=\"height:45px\"><\/div>[\/vc_column][\/vc_row]\n<\/div>","protected":false},"excerpt":{"rendered":"<p>[vc_row][vc_column][vc_column_text] Green Life Execu\u00e7\u00e3o de Projetos Ambientais Ltda. &#8211; em recupera\u00e7\u00e3o judicial 6a Vara Empresarial da Comarca da Capital do Estado do Rio de Janeiro Processo n\u00ba 0080838-58.2019.8.19.0001 Acesso ao processo judicial eletr\u00f4nico: clique aqui. \u00a0[\/vc_column_text][vc_column_text] Principais documentos relacionados com&hellip;<\/p>\n","protected":false},"author":5,"featured_media":0,"parent":0,"menu_order":0,"comment_status":"closed","ping_status":"closed","template":"","meta":{"_acf_changed":false,"footnotes":""},"class_list":["post-1151","page","type-page","status-publish","hentry","entry","no-media"],"acf":[],"_links":{"self":[{"href":"https:\/\/rucker-longo.com\/es\/wp-json\/wp\/v2\/pages\/1151","targetHints":{"allow":["GET"]}}],"collection":[{"href":"https:\/\/rucker-longo.com\/es\/wp-json\/wp\/v2\/pages"}],"about":[{"href":"https:\/\/rucker-longo.com\/es\/wp-json\/wp\/v2\/types\/page"}],"author":[{"embeddable":true,"href":"https:\/\/rucker-longo.com\/es\/wp-json\/wp\/v2\/users\/5"}],"replies":[{"embeddable":true,"href":"https:\/\/rucker-longo.com\/es\/wp-json\/wp\/v2\/comments?post=1151"}],"version-history":[{"count":3,"href":"https:\/\/rucker-longo.com\/es\/wp-json\/wp\/v2\/pages\/1151\/revisions"}],"predecessor-version":[{"id":2761,"href":"https:\/\/rucker-longo.com\/es\/wp-json\/wp\/v2\/pages\/1151\/revisions\/2761"}],"wp:attachment":[{"href":"https:\/\/rucker-longo.com\/es\/wp-json\/wp\/v2\/media?parent=1151"}],"curies":[{"name":"wp","href":"https:\/\/api.w.org\/{rel}","templated":true}]}}