{"id":869,"date":"2019-06-19T06:54:38","date_gmt":"2019-06-19T09:54:38","guid":{"rendered":"https:\/\/rucker-longo.com\/?page_id=869"},"modified":"2019-06-19T06:54:38","modified_gmt":"2019-06-19T09:54:38","slug":"compensations-and-legal-demands","status":"publish","type":"page","link":"https:\/\/rucker-longo.com\/en\/compensations-and-legal-demands\/","title":{"rendered":"Compensations and legal demands"},"content":{"rendered":"<div class=\"wpb-content-wrapper\">[vc_row full_width=&#8221;stretch_row&#8221; css=&#8221;.vc_custom_1555024229190{padding-top: 30px !important;padding-bottom: 30px !important;background-image: url(https:\/\/rucker-longo.com\/wp-content\/uploads\/2019\/04\/header-4.jpg?id=158) !important;background-position: center !important;background-repeat: no-repeat !important;background-size: cover !important;}&#8221; wpex_bg_position=&#8221;center right&#8221; el_class=&#8221;cabecalho&#8221;][vc_column width=&#8221;1\/3&#8243;]<nav class=\"vcex-breadcrumbs\" style=\"font-size:13px;\"><span itemscope itemtype=\"http:\/\/data-vocabulary.org\/Breadcrumb\" class=\"trail-begin\"><a href=\"https:\/\/rucker-longo.com\/en\/\" title=\"R\u00fccker &amp; Longo Advogados\" rel=\"home\" itemprop=\"url\"><span itemprop=\"title\">Home<\/span><\/a><\/span><\/nav><div class=\"vcex-module vcex-heading vcex-heading-plain\" style=\"color:#102d67;font-size:32px;font-weight:400;\"><span class=\"vcex-heading-inner clr\">PRACTICE AREA<\/span><\/div>[\/vc_column][vc_column width=&#8221;2\/3&#8243;][\/vc_column][\/vc_row][vc_row css=&#8221;.vc_custom_1554850446558{padding-top: 60px !important;padding-bottom: 60px !important;}&#8221;][vc_column width=&#8221;1\/3&#8243;][vc_wp_custommenu nav_menu=&#8221;5&#8243;][\/vc_column][vc_column width=&#8221;2\/3&#8243;]<div class=\"vcex-module vcex-heading vcex-heading-plain vc_custom_1557479955210\" style=\"color:#333333;font-size:30px;font-weight:400;\"><span class=\"vcex-heading-inner clr\">Tax and International Taxation<\/span><\/div>[vc_column_text]<span style=\"font-size: 13px;\">O escrit\u00f3rio conta com uma equipe altamente qualificada e experimentada na consultoria tribut\u00e1ria internacional e nacional, atuando especialmente na assessoria a grupos de empresas estrangeiras com atividades no Brasil, bem como em quest\u00f5es envolvendo investimentos brasileiros no exterior. <\/span><\/p>\n<p><span style=\"font-size: 13px;\">Nossos s\u00f3cios e colaboradores prestam assessoria tanto nas quest\u00f5es tribut\u00e1rias do dia-a-dia dos nossos clientes, como tamb\u00e9m na interpreta\u00e7\u00e3o de acordos internacionais, no planejamento e otimiza\u00e7\u00e3o do custo tribut\u00e1rio de opera\u00e7\u00f5es internacionais e na implementa\u00e7\u00e3o de estruturas fiscais de importa\u00e7\u00e3o e exporta\u00e7\u00e3o de produtos e servi\u00e7os.<\/span><\/p>\n<p><span style=\"font-size: 13px;\">Por outro lado, possuimos ampla expertise em assuntos envolvendo holdings, fundos de investimento imobili\u00e1rio e em participa\u00e7\u00f5es societ\u00e1rias, transfer pricing, assim como na reestrutura\u00e7\u00e3o de grandes patrim\u00f4nios individuais e familiares.<\/span><\/p>\n<p><span style=\"font-size: 13px;\">A rede de trabalho internacional do escrit\u00f3rio R\u00fccker &amp; Longo Advogados contribui para a excel\u00eancia na presta\u00e7\u00e3o de assessoria em assuntos envolvendo a tributa\u00e7\u00e3o internacional.<\/span>[\/vc_column_text][\/vc_column][\/vc_row]\n<\/div>","protected":false},"excerpt":{"rendered":"<p>[vc_row full_width=&#8221;stretch_row&#8221; css=&#8221;.vc_custom_1555024229190{padding-top: 30px !important;padding-bottom: 30px !important;background-image: url(https:\/\/rucker-longo.com\/wp-content\/uploads\/2019\/04\/header-4.jpg?id=158) !important;background-position: center !important;background-repeat: no-repeat !important;background-size: cover !important;}&#8221; wpex_bg_position=&#8221;center right&#8221; el_class=&#8221;cabecalho&#8221;][vc_column width=&#8221;1\/3&#8243;][\/vc_column][vc_column width=&#8221;2\/3&#8243;][\/vc_column][\/vc_row][vc_row css=&#8221;.vc_custom_1554850446558{padding-top: 60px !important;padding-bottom: 60px !important;}&#8221;][vc_column width=&#8221;1\/3&#8243;][vc_wp_custommenu nav_menu=&#8221;5&#8243;][\/vc_column][vc_column width=&#8221;2\/3&#8243;][vc_column_text]O escrit\u00f3rio conta com uma equipe altamente qualificada e experimentada na consultoria tribut\u00e1ria&hellip;<\/p>\n","protected":false},"author":5,"featured_media":0,"parent":0,"menu_order":0,"comment_status":"closed","ping_status":"closed","template":"","meta":{"_acf_changed":false,"footnotes":""},"class_list":["post-869","page","type-page","status-publish","hentry","entry","no-media"],"acf":[],"_links":{"self":[{"href":"https:\/\/rucker-longo.com\/en\/wp-json\/wp\/v2\/pages\/869","targetHints":{"allow":["GET"]}}],"collection":[{"href":"https:\/\/rucker-longo.com\/en\/wp-json\/wp\/v2\/pages"}],"about":[{"href":"https:\/\/rucker-longo.com\/en\/wp-json\/wp\/v2\/types\/page"}],"author":[{"embeddable":true,"href":"https:\/\/rucker-longo.com\/en\/wp-json\/wp\/v2\/users\/5"}],"replies":[{"embeddable":true,"href":"https:\/\/rucker-longo.com\/en\/wp-json\/wp\/v2\/comments?post=869"}],"version-history":[{"count":1,"href":"https:\/\/rucker-longo.com\/en\/wp-json\/wp\/v2\/pages\/869\/revisions"}],"predecessor-version":[{"id":874,"href":"https:\/\/rucker-longo.com\/en\/wp-json\/wp\/v2\/pages\/869\/revisions\/874"}],"wp:attachment":[{"href":"https:\/\/rucker-longo.com\/en\/wp-json\/wp\/v2\/media?parent=869"}],"curies":[{"name":"wp","href":"https:\/\/api.w.org\/{rel}","templated":true}]}}