{"id":712,"date":"2019-05-10T06:23:06","date_gmt":"2019-05-10T09:23:06","guid":{"rendered":"https:\/\/rucker-longo.com\/en\/?page_id=712"},"modified":"2019-05-10T06:23:27","modified_gmt":"2019-05-10T09:23:27","slug":"international-investments","status":"publish","type":"page","link":"https:\/\/rucker-longo.com\/en\/international-investments\/","title":{"rendered":"International investments"},"content":{"rendered":"<div class=\"wpb-content-wrapper\">[vc_row full_width=&#8221;stretch_row&#8221; css=&#8221;.vc_custom_1555024255456{padding-top: 30px !important;padding-bottom: 30px !important;background-image: url(https:\/\/rucker-longo.com\/wp-content\/uploads\/2019\/04\/header-4.jpg?id=158) !important;background-position: center !important;background-repeat: no-repeat !important;background-size: cover !important;}&#8221; wpex_bg_position=&#8221;center right&#8221; el_class=&#8221;cabecalho&#8221;][vc_column width=&#8221;1\/3&#8243;]<nav class=\"vcex-breadcrumbs\" style=\"font-size:13px;\"><span itemscope itemtype=\"http:\/\/data-vocabulary.org\/Breadcrumb\" class=\"trail-begin\"><a href=\"https:\/\/rucker-longo.com\/en\/\" title=\"R\u00fccker &amp; Longo Advogados\" rel=\"home\" itemprop=\"url\"><span itemprop=\"title\">Home<\/span><\/a><\/span><\/nav><div class=\"vcex-module vcex-heading vcex-heading-plain\" style=\"color:#102d67;font-size:32px;font-weight:400;\"><span class=\"vcex-heading-inner clr\">PRACTICE AREA<\/span><\/div>[\/vc_column][vc_column width=&#8221;2\/3&#8243;][\/vc_column][\/vc_row][vc_row css=&#8221;.vc_custom_1554850446558{padding-top: 60px !important;padding-bottom: 60px !important;}&#8221;][vc_column width=&#8221;1\/3&#8243;][vc_wp_custommenu nav_menu=&#8221;5&#8243;][\/vc_column][vc_column width=&#8221;2\/3&#8243;]<div class=\"vcex-module vcex-heading vcex-heading-plain vc_custom_1557480184341\" style=\"color:#333333;font-size:30px;font-weight:400;\"><span class=\"vcex-heading-inner clr\">International investments<\/span><\/div>[vc_column_text]<span style=\"font-size: 14px;\">Apoio jur\u00eddico e negocial em transa\u00e7\u00f5es internacionais e nacionais de aquisi\u00e7\u00e3o, venda e fus\u00e3o de empresas, reestrutura\u00e7\u00e3o fiscal e societ\u00e1ria de grupos multinacionais e de grandes patrim\u00f4nios individuais. Desta forma, participamos ativamente na coordena\u00e7\u00e3o e implementa\u00e7\u00e3o de fundos de investimento, estruturas holding nacionais e internacionais, trusts e foundations como plataformas de investimento e\/ou organiza\u00e7\u00e3o sucess\u00f3ria, bem como na mitiga\u00e7\u00e3o de riscos inerentes a contratos de joint ventures, acordos de distribui\u00e7\u00e3o\/representa\u00e7\u00e3o e em quest\u00f5es relacionadas com o financiamento de sociedades.<\/span>[\/vc_column_text][\/vc_column][\/vc_row]\n<\/div>","protected":false},"excerpt":{"rendered":"<p>[vc_row full_width=&#8221;stretch_row&#8221; css=&#8221;.vc_custom_1555024255456{padding-top: 30px !important;padding-bottom: 30px !important;background-image: url(https:\/\/rucker-longo.com\/wp-content\/uploads\/2019\/04\/header-4.jpg?id=158) !important;background-position: center !important;background-repeat: no-repeat !important;background-size: cover !important;}&#8221; wpex_bg_position=&#8221;center right&#8221; el_class=&#8221;cabecalho&#8221;][vc_column width=&#8221;1\/3&#8243;][\/vc_column][vc_column width=&#8221;2\/3&#8243;][\/vc_column][\/vc_row][vc_row css=&#8221;.vc_custom_1554850446558{padding-top: 60px !important;padding-bottom: 60px !important;}&#8221;][vc_column width=&#8221;1\/3&#8243;][vc_wp_custommenu nav_menu=&#8221;5&#8243;][\/vc_column][vc_column width=&#8221;2\/3&#8243;][vc_column_text]Apoio jur\u00eddico e negocial em transa\u00e7\u00f5es internacionais e nacionais de aquisi\u00e7\u00e3o, venda e&hellip;<\/p>\n","protected":false},"author":5,"featured_media":0,"parent":0,"menu_order":0,"comment_status":"closed","ping_status":"closed","template":"","meta":{"_acf_changed":false,"footnotes":""},"class_list":["post-712","page","type-page","status-publish","hentry","entry","no-media"],"acf":[],"_links":{"self":[{"href":"https:\/\/rucker-longo.com\/en\/wp-json\/wp\/v2\/pages\/712","targetHints":{"allow":["GET"]}}],"collection":[{"href":"https:\/\/rucker-longo.com\/en\/wp-json\/wp\/v2\/pages"}],"about":[{"href":"https:\/\/rucker-longo.com\/en\/wp-json\/wp\/v2\/types\/page"}],"author":[{"embeddable":true,"href":"https:\/\/rucker-longo.com\/en\/wp-json\/wp\/v2\/users\/5"}],"replies":[{"embeddable":true,"href":"https:\/\/rucker-longo.com\/en\/wp-json\/wp\/v2\/comments?post=712"}],"version-history":[{"count":1,"href":"https:\/\/rucker-longo.com\/en\/wp-json\/wp\/v2\/pages\/712\/revisions"}],"predecessor-version":[{"id":715,"href":"https:\/\/rucker-longo.com\/en\/wp-json\/wp\/v2\/pages\/712\/revisions\/715"}],"wp:attachment":[{"href":"https:\/\/rucker-longo.com\/en\/wp-json\/wp\/v2\/media?parent=712"}],"curies":[{"name":"wp","href":"https:\/\/api.w.org\/{rel}","templated":true}]}}