{"id":524,"date":"2019-05-08T11:09:01","date_gmt":"2019-05-08T14:09:01","guid":{"rendered":"https:\/\/rucker-longo.com\/?page_id=524&#038;lang=en"},"modified":"2019-05-10T08:02:15","modified_gmt":"2019-05-10T11:02:15","slug":"mediation-and-litigation","status":"publish","type":"page","link":"https:\/\/rucker-longo.com\/en\/mediation-and-litigation\/","title":{"rendered":"Mediation and Litigation"},"content":{"rendered":"<div class=\"wpb-content-wrapper\">[vc_row full_width=&#8221;stretch_row&#8221; css=&#8221;.vc_custom_1555024215904{padding-top: 30px !important;padding-bottom: 30px !important;background-image: url(https:\/\/rucker-longo.com\/wp-content\/uploads\/2019\/04\/header-4.jpg?id=158) !important;background-position: center !important;background-repeat: no-repeat !important;background-size: cover !important;}&#8221; wpex_bg_position=&#8221;center right&#8221; el_class=&#8221;cabecalho&#8221;][vc_column width=&#8221;1\/3&#8243;]<nav class=\"vcex-breadcrumbs\" style=\"font-size:13px;\"><span itemscope itemtype=\"http:\/\/data-vocabulary.org\/Breadcrumb\" class=\"trail-begin\"><a href=\"https:\/\/rucker-longo.com\/en\/\" title=\"R\u00fccker &amp; Longo Advogados\" rel=\"home\" itemprop=\"url\"><span itemprop=\"title\">Home<\/span><\/a><\/span><\/nav><div class=\"vcex-module vcex-heading vcex-heading-plain\" style=\"color:#102d67;font-size:32px;font-weight:400;\"><span class=\"vcex-heading-inner clr\">PRACTICE AREA<\/span><\/div>[\/vc_column][vc_column width=&#8221;2\/3&#8243;][\/vc_column][\/vc_row][vc_row css=&#8221;.vc_custom_1554850446558{padding-top: 60px !important;padding-bottom: 60px !important;}&#8221;][vc_column width=&#8221;1\/3&#8243;][vc_wp_custommenu nav_menu=&#8221;5&#8243;][\/vc_column][vc_column width=&#8221;2\/3&#8243;]<div class=\"vcex-module vcex-heading vcex-heading-plain vc_custom_1557486132238\" style=\"color:#333333;font-size:30px;font-weight:400;\"><span class=\"vcex-heading-inner clr\">Mediation and Litigation<\/span><\/div>[vc_column_text]<span style=\"font-size: 14px;\">Por conta da s\u00f3lida e extensa experi\u00eancia da nossa equipe, prestamos consultoria nas mais variadas quest\u00f5es jur\u00eddicas relacionadas com o Direito Civil, dentre elas a confec\u00e7\u00e3o e altera\u00e7\u00e3o de contratos c\u00edveis, identificando e reduzindo riscos inerentes \u00e0 atividade empresarial dos nossos clientes.<\/span><\/p>\n<p><span style=\"font-size: 14px;\">Tamb\u00e9m atuamos na representa\u00e7\u00e3o de empresas e pessoas f\u00edsicas em medidas judiciais de recupera\u00e7\u00e3o de ativos, execu\u00e7\u00e3o de cr\u00e9ditos de diversas naturezas, defesas t\u00e9cnicas em a\u00e7\u00f5es judiciais e ampla atua\u00e7\u00e3o em lit\u00edgios de alta complexidade t\u00e9cnica.<\/span>[\/vc_column_text][\/vc_column][\/vc_row]\n<\/div>","protected":false},"excerpt":{"rendered":"<p>[vc_row full_width=&#8221;stretch_row&#8221; css=&#8221;.vc_custom_1555024215904{padding-top: 30px !important;padding-bottom: 30px !important;background-image: url(https:\/\/rucker-longo.com\/wp-content\/uploads\/2019\/04\/header-4.jpg?id=158) !important;background-position: center !important;background-repeat: no-repeat !important;background-size: cover !important;}&#8221; wpex_bg_position=&#8221;center right&#8221; el_class=&#8221;cabecalho&#8221;][vc_column width=&#8221;1\/3&#8243;][\/vc_column][vc_column width=&#8221;2\/3&#8243;][\/vc_column][\/vc_row][vc_row css=&#8221;.vc_custom_1554850446558{padding-top: 60px !important;padding-bottom: 60px !important;}&#8221;][vc_column width=&#8221;1\/3&#8243;][vc_wp_custommenu nav_menu=&#8221;5&#8243;][\/vc_column][vc_column width=&#8221;2\/3&#8243;][vc_column_text]Por conta da s\u00f3lida e extensa experi\u00eancia da nossa equipe, prestamos consultoria nas&hellip;<\/p>\n","protected":false},"author":5,"featured_media":0,"parent":0,"menu_order":0,"comment_status":"closed","ping_status":"closed","template":"","meta":{"_acf_changed":false,"footnotes":""},"class_list":["post-524","page","type-page","status-publish","hentry","entry","no-media"],"acf":[],"_links":{"self":[{"href":"https:\/\/rucker-longo.com\/en\/wp-json\/wp\/v2\/pages\/524","targetHints":{"allow":["GET"]}}],"collection":[{"href":"https:\/\/rucker-longo.com\/en\/wp-json\/wp\/v2\/pages"}],"about":[{"href":"https:\/\/rucker-longo.com\/en\/wp-json\/wp\/v2\/types\/page"}],"author":[{"embeddable":true,"href":"https:\/\/rucker-longo.com\/en\/wp-json\/wp\/v2\/users\/5"}],"replies":[{"embeddable":true,"href":"https:\/\/rucker-longo.com\/en\/wp-json\/wp\/v2\/comments?post=524"}],"version-history":[{"count":3,"href":"https:\/\/rucker-longo.com\/en\/wp-json\/wp\/v2\/pages\/524\/revisions"}],"predecessor-version":[{"id":727,"href":"https:\/\/rucker-longo.com\/en\/wp-json\/wp\/v2\/pages\/524\/revisions\/727"}],"wp:attachment":[{"href":"https:\/\/rucker-longo.com\/en\/wp-json\/wp\/v2\/media?parent=524"}],"curies":[{"name":"wp","href":"https:\/\/api.w.org\/{rel}","templated":true}]}}